{"id":7,"date":"2018-06-15T10:47:25","date_gmt":"2018-06-15T10:47:25","guid":{"rendered":"http:\/\/bridge249.qodeinteractive.com\/?page_id=7"},"modified":"2023-06-22T14:30:01","modified_gmt":"2023-06-22T14:30:01","slug":"anasayfa","status":"publish","type":"page","link":"https:\/\/prospektuskatlamasanati.com\/","title":{"rendered":"Anasayfa"},"content":{"rendered":"<p>[vc_row css_animation=&#8221;&#8221; row_type=&#8221;row&#8221; use_row_as_full_screen_section=&#8221;no&#8221; type=&#8221;full_width&#8221; angled_section=&#8221;no&#8221; text_align=&#8221;left&#8221; background_image_as_pattern=&#8221;without_pattern&#8221;][vc_column]<link href=\"https:\/\/fonts.googleapis.com\/css?family=Lora:400%7CLato:400\" rel=\"stylesheet\" property=\"stylesheet\" type=\"text\/css\" media=\"all\">\n<div id=\"rev_slider_1_1_wrapper\" class=\"rev_slider_wrapper fullwidthbanner-container\" data-source=\"gallery\" style=\"margin:0px auto;background:#ffffff;padding:0px;margin-top:0px;margin-bottom:0px;\">\n<!-- START REVOLUTION SLIDER 5.4.8 fullwidth mode -->\n\t<div id=\"rev_slider_1_1\" class=\"rev_slider fullwidthabanner\" style=\"display:none;\" data-version=\"5.4.8\">\n<ul>\t<!-- SLIDE  -->\n\t<li data-index=\"rs-1\" data-transition=\"fade\" data-slotamount=\"default\" data-hideafterloop=\"0\" data-hideslideonmobile=\"off\"  data-easein=\"default\" data-easeout=\"default\" data-masterspeed=\"300\"  data-rotate=\"0\"  data-saveperformance=\"off\"  data-title=\"Slide\" data-param1=\"\" data-param2=\"\" data-param3=\"\" data-param4=\"\" data-param5=\"\" data-param6=\"\" data-param7=\"\" data-param8=\"\" data-param9=\"\" data-param10=\"\" data-description=\"\">\n\t\t<!-- MAIN IMAGE -->\n\t\t<img loading=\"lazy\" decoding=\"async\" src=\"https:\/\/prospektuskatlamasanati.com\/wp-content\/uploads\/2022\/11\/arkaplankalama.png\"  alt=\"\" title=\"arkaplankalama\"  width=\"1852\" height=\"1021\" data-bgposition=\"center center\" data-bgfit=\"cover\" data-bgrepeat=\"no-repeat\" class=\"rev-slidebg\" data-no-retina>\n\t\t<!-- LAYERS -->\n\n\t\t<!-- LAYER NR. 1 -->\n\t\t<div class=\"tp-caption  \" \n\t\t\t id=\"slide-1-layer-1\" \n\t\t\t data-x=\"['center','center','center','center']\" data-hoffset=\"['-40','-40','-40','29']\" \n\t\t\t data-y=\"['middle','middle','middle','middle']\" data-voffset=\"['-38','-38','-38','-47']\" \n\t\t\t\t\t\tdata-width=\"none\"\n\t\t\tdata-height=\"none\"\n\t\t\tdata-whitespace=\"nowrap\"\n \n\t\t\tdata-type=\"image\" \n\t\t\tdata-basealign=\"slide\" \n\t\t\tdata-responsive_offset=\"off\" \n\t\t\tdata-responsive=\"off\"\n\t\t\tdata-frames='[{\"delay\":1500,\"speed\":900,\"frame\":\"0\",\"from\":\"opacity:0;\",\"to\":\"o:1;\",\"ease\":\"Power3.easeInOut\"},{\"delay\":\"wait\",\"speed\":300,\"frame\":\"999\",\"to\":\"opacity:0;\",\"ease\":\"Power3.easeInOut\"}]'\n\t\t\tdata-textAlign=\"['inherit','inherit','inherit','inherit']\"\n\t\t\tdata-paddingtop=\"[0,0,0,0]\"\n\t\t\tdata-paddingright=\"[0,0,0,0]\"\n\t\t\tdata-paddingbottom=\"[0,0,0,0]\"\n\t\t\tdata-paddingleft=\"[0,0,0,0]\"\n\n\t\t\tstyle=\"z-index: 5;\">\n<div class=\"rs-looped rs-wave\"  data-speed=\"7\" data-angle=\"90\" data-radius=\"15px\" data-origin=\"50% 50%\"><img loading=\"lazy\" decoding=\"async\" src=\"https:\/\/prospektuskatlamasanati.com\/wp-content\/uploads\/2022\/11\/ucankus.png\" alt=\"\" data-ww=\"['90px','66px','66px','66px']\" data-hh=\"['89px','65px','65px','65px']\" width=\"100\" height=\"100\" data-no-retina> <\/div><\/div>\n\n\t\t<!-- LAYER NR. 2 -->\n\t\t<div class=\"tp-caption  \" \n\t\t\t id=\"slide-1-layer-2\" \n\t\t\t data-x=\"['center','center','center','center']\" data-hoffset=\"['-180','-180','18','-35']\" \n\t\t\t data-y=\"['middle','middle','middle','middle']\" data-voffset=\"['-405','-225','-398','-225']\" \n\t\t\t\t\t\tdata-width=\"none\"\n\t\t\tdata-height=\"none\"\n\t\t\tdata-whitespace=\"nowrap\"\n \n\t\t\tdata-type=\"image\" \n\t\t\tdata-basealign=\"slide\" \n\t\t\tdata-responsive_offset=\"off\" \n\t\t\tdata-responsive=\"off\"\n\t\t\tdata-frames='[{\"delay\":1700,\"speed\":900,\"frame\":\"0\",\"from\":\"opacity:0;\",\"to\":\"o:1;rZ:272;\",\"ease\":\"Power3.easeOut\"},{\"delay\":\"wait\",\"speed\":300,\"frame\":\"999\",\"to\":\"opacity:0;\",\"ease\":\"Power3.easeInOut\"}]'\n\t\t\tdata-textAlign=\"['inherit','inherit','inherit','inherit']\"\n\t\t\tdata-paddingtop=\"[0,0,0,0]\"\n\t\t\tdata-paddingright=\"[0,0,0,0]\"\n\t\t\tdata-paddingbottom=\"[0,0,0,0]\"\n\t\t\tdata-paddingleft=\"[0,0,0,0]\"\n\n\t\t\tstyle=\"z-index: 6;\">\n<div class=\"rs-looped rs-wave\"  data-speed=\"2\" data-angle=\"0\" data-radius=\"6px\" data-origin=\"50% 50%\"><img loading=\"lazy\" decoding=\"async\" src=\"https:\/\/prospektuskatlamasanati.com\/wp-content\/uploads\/2022\/11\/ucankus.png\" alt=\"\" data-ww=\"['51px','39px','39px','39px']\" data-hh=\"['50px','38px','38px','38px']\" width=\"100\" height=\"100\" data-no-retina> <\/div><\/div>\n\n\t\t<!-- LAYER NR. 3 -->\n\t\t<div class=\"tp-caption  \" \n\t\t\t id=\"slide-1-layer-3\" \n\t\t\t data-x=\"['left','left','left','left']\" data-hoffset=\"['380','91','41','19']\" \n\t\t\t data-y=\"['top','top','top','top']\" data-voffset=\"['221','133','93','165']\" \n\t\t\t\t\t\tdata-fontsize=\"['80','55','55','30']\"\n\t\t\tdata-lineheight=\"['84','59','59','35']\"\n\t\t\tdata-width=\"none\"\n\t\t\tdata-height=\"none\"\n\t\t\tdata-whitespace=\"nowrap\"\n \n\t\t\tdata-type=\"text\" \n\t\t\tdata-basealign=\"slide\" \n\t\t\tdata-responsive_offset=\"off\" \n\t\t\tdata-responsive=\"off\"\n\t\t\tdata-frames='[{\"delay\":400,\"speed\":700,\"frame\":\"0\",\"from\":\"x:50px;opacity:0;\",\"to\":\"o:1;\",\"ease\":\"Power2.easeIn\"},{\"delay\":\"wait\",\"speed\":300,\"frame\":\"999\",\"to\":\"opacity:0;\",\"ease\":\"Power3.easeInOut\"}]'\n\t\t\tdata-textAlign=\"['inherit','inherit','inherit','inherit']\"\n\t\t\tdata-paddingtop=\"[0,0,0,0]\"\n\t\t\tdata-paddingright=\"[0,0,0,0]\"\n\t\t\tdata-paddingbottom=\"[0,0,0,0]\"\n\t\t\tdata-paddingleft=\"[0,0,0,0]\"\n\n\t\t\tstyle=\"z-index: 7; white-space: nowrap; font-size: 80px; line-height: 84px; font-weight: 400; color: #282828; letter-spacing: 0px;font-family:Lora;\">Katlama <br> Sanat\u0131 <\/div>\n\n\t\t<!-- LAYER NR. 4 -->\n\t\t<div class=\"tp-caption  \" \n\t\t\t id=\"slide-1-layer-5\" \n\t\t\t data-x=\"['left','left','left','left']\" data-hoffset=\"['382','93','43','18']\" \n\t\t\t data-y=\"['top','top','top','top']\" data-voffset=\"['418','277','237','247']\" \n\t\t\t\t\t\tdata-fontsize=\"['16','16','16','17']\"\n\t\t\tdata-lineheight=\"['28','25','25','22']\"\n\t\t\tdata-width=\"['410','409','316','316']\"\n\t\t\tdata-height=\"['85','67','68','68']\"\n\t\t\tdata-whitespace=\"normal\"\n\t\t\tdata-visibility=\"['on','on','on','off']\"\n \n\t\t\tdata-type=\"text\" \n\t\t\tdata-basealign=\"slide\" \n\t\t\tdata-responsive_offset=\"off\" \n\t\t\tdata-responsive=\"off\"\n\t\t\tdata-frames='[{\"delay\":700,\"speed\":700,\"frame\":\"0\",\"from\":\"x:50px;opacity:0;\",\"to\":\"o:1;\",\"ease\":\"Power2.easeIn\"},{\"delay\":\"wait\",\"speed\":300,\"frame\":\"999\",\"to\":\"opacity:0;\",\"ease\":\"nothing\"}]'\n\t\t\tdata-textAlign=\"['inherit','inherit','inherit','inherit']\"\n\t\t\tdata-paddingtop=\"[0,0,0,0]\"\n\t\t\tdata-paddingright=\"[0,0,0,0]\"\n\t\t\tdata-paddingbottom=\"[0,0,0,0]\"\n\t\t\tdata-paddingleft=\"[0,0,0,0]\"\n\n\t\t\tstyle=\"z-index: 8; min-width: 410px; max-width: 410px; max-width: 85px; max-width: 85px; white-space: normal; font-size: 16px; line-height: 28px; font-weight: 400; color: #565656; letter-spacing: 0px;font-family:Lato;\">Prospekt\u00fcs katlama, Garanti Belgesi Katlama, \u0130la\u00e7 prospekt\u00fcs katlama \u00e7e\u015fitleri. <\/div>\n\n\t\t<!-- LAYER NR. 5 -->\n\t\t<div class=\"tp-caption   tp-resizeme\" \n\t\t\t id=\"slide-1-layer-14\" \n\t\t\t data-x=\"['left','left','left','left']\" data-hoffset=\"['368','368','368','368']\" \n\t\t\t data-y=\"['middle','middle','middle','middle']\" data-voffset=\"['0','0','0','0']\" \n\t\t\t\t\t\tdata-width=\"none\"\n\t\t\tdata-height=\"none\"\n\t\t\tdata-whitespace=\"nowrap\"\n\t\t\tdata-visibility=\"['off','on','on','on']\"\n \n\t\t\tdata-type=\"image\" \n\t\t\tdata-responsive_offset=\"on\" \n\n\t\t\tdata-frames='[{\"delay\":700,\"speed\":300,\"frame\":\"0\",\"from\":\"opacity:0;\",\"to\":\"o:1;\",\"ease\":\"Power3.easeInOut\"},{\"delay\":\"wait\",\"speed\":300,\"frame\":\"999\",\"to\":\"opacity:0;\",\"ease\":\"Power3.easeInOut\"}]'\n\t\t\tdata-textAlign=\"['inherit','inherit','inherit','inherit']\"\n\t\t\tdata-paddingtop=\"[0,0,0,0]\"\n\t\t\tdata-paddingright=\"[0,0,0,0]\"\n\t\t\tdata-paddingbottom=\"[0,0,0,0]\"\n\t\t\tdata-paddingleft=\"[0,0,0,0]\"\n\n\t\t\tstyle=\"z-index: 16;\">\n<div class=\"rs-looped rs-wave\"  data-speed=\"2\" data-angle=\"0\" data-radius=\"10\" data-origin=\"50% 50%\"><img loading=\"lazy\" decoding=\"async\" src=\"https:\/\/prospektuskatlamasanati.com\/wp-content\/uploads\/2022\/11\/katlamacesitleri.png\" alt=\"\" data-ww=\"['246px','246px','246px','246px']\" data-hh=\"['90px','90px','90px','90px']\" width=\"500\" height=\"126\" data-no-retina> <\/div><\/div>\n\t<\/li>\n<\/ul>\n<div class=\"tp-bannertimer tp-bottom\" style=\"visibility: hidden !important;\"><\/div>\t<\/div>\n<script>var htmlDiv = document.getElementById(\"rs-plugin-settings-inline-css\"); var htmlDivCss=\"\";\r\n\t\t\t\tif(htmlDiv) {\r\n\t\t\t\t\thtmlDiv.innerHTML = htmlDiv.innerHTML + htmlDivCss;\r\n\t\t\t\t}else{\r\n\t\t\t\t\tvar htmlDiv = document.createElement(\"div\");\r\n\t\t\t\t\thtmlDiv.innerHTML = \"<style>\" + htmlDivCss + \"<\/style>\";\r\n\t\t\t\t\tdocument.getElementsByTagName(\"head\")[0].appendChild(htmlDiv.childNodes[0]);\r\n\t\t\t\t}\r\n\t\t\t<\/script>\n\t\t<script type=\"text\/javascript\">\r\nif (setREVStartSize!==undefined) setREVStartSize(\r\n\t{c: '#rev_slider_1_1', responsiveLevels: [1240,1024,778,480], gridwidth: [1920,1441,778,480], gridheight: [1100,768,960,720], sliderLayout: 'fullwidth'});\r\n\t\t\t\r\nvar revapi1,\r\n\ttpj;\t\r\n(function() {\t\t\t\r\n\tif (!\/loaded|interactive|complete\/.test(document.readyState)) document.addEventListener(\"DOMContentLoaded\",onLoad); else onLoad();\t\r\n\tfunction onLoad() {\t\t\t\t\r\n\t\tif (tpj===undefined) { tpj = jQuery; if(\"off\" == \"on\") tpj.noConflict();}\r\n\tif(tpj(\"#rev_slider_1_1\").revolution == undefined){\n\t\trevslider_showDoubleJqueryError(\"#rev_slider_1_1\");\n\t}else{\n\t\trevapi1 = tpj(\"#rev_slider_1_1\").show().revolution({\n\t\t\tsliderType:\"standard\",\n\t\t\tjsFileLocation:\"\/\/prospektuskatlamasanati.com\/wp-content\/plugins\/revslider\/public\/assets\/js\/\",\n\t\t\tsliderLayout:\"fullwidth\",\n\t\t\tdottedOverlay:\"none\",\n\t\t\tdelay:9000,\n\t\t\tnavigation: {\n\t\t\t\tonHoverStop:\"off\",\n\t\t\t},\n\t\t\tresponsiveLevels:[1240,1024,778,480],\n\t\t\tvisibilityLevels:[1240,1024,778,480],\n\t\t\tgridwidth:[1920,1441,778,480],\n\t\t\tgridheight:[1100,768,960,720],\n\t\t\tlazyType:\"none\",\n\t\t\tshadow:0,\n\t\t\tspinner:\"off\",\n\t\t\tstopLoop:\"off\",\n\t\t\tstopAfterLoops:-1,\n\t\t\tstopAtSlide:-1,\n\t\t\tshuffle:\"off\",\n\t\t\tautoHeight:\"off\",\n\t\t\tdisableProgressBar:\"on\",\n\t\t\thideThumbsOnMobile:\"off\",\n\t\t\thideSliderAtLimit:0,\n\t\t\thideCaptionAtLimit:0,\n\t\t\thideAllCaptionAtLilmit:0,\n\t\t\tdebugMode:false,\n\t\t\tfallbacks: {\n\t\t\t\tsimplifyAll:\"off\",\n\t\t\t\tnextSlideOnWindowFocus:\"off\",\n\t\t\t\tdisableFocusListener:false,\n\t\t\t}\n\t\t});\n\t}; \/* END OF revapi call *\/\n\t\n }; \/* END OF ON LOAD FUNCTION *\/\r\n}()); \/* END OF WRAPPING FUNCTION *\/\r\n<\/script>\r\n\t\t<\/div><!-- END REVOLUTION SLIDER -->[\/vc_column][\/vc_row][vc_row css_animation=&#8221;&#8221; row_type=&#8221;row&#8221; use_row_as_full_screen_section=&#8221;no&#8221; type=&#8221;grid&#8221; angled_section=&#8221;no&#8221; text_align=&#8221;left&#8221; background_image_as_pattern=&#8221;without_pattern&#8221; padding_top=&#8221;40&#8243; padding_bottom=&#8221;90&#8243; z_index=&#8221;&#8221;][vc_column width=&#8221;1\/2&#8243;][vc_video link=&#8221;https:\/\/www.youtube.com\/watch?v=9Qek4SeA3gY&amp;feature=youtu.be&#8221; el_width=&#8221;80&#8243;][\/vc_column][vc_column width=&#8221;1\/2&#8243;][vc_column_text]<\/p>\n<h2>Katlama \u00c7e\u015fitlerimiz<\/h2>\n<ul>\n<li>2 k\u0131r\u0131m uygulamas\u0131<\/li>\n<li>1. katlama 2. k\u0131r\u0131m uygulamas\u0131<\/li>\n<li>2 katlama 2 k\u0131r\u0131m katlama uygulanmas\u0131<\/li>\n<li>3 katlama 2 \u00e7anta z k\u0131r\u0131m uygulamas\u0131<\/li>\n<li>Akordiyon k\u0131r\u0131m uygulamas\u0131<\/li>\n<li>4 canta 2 k\u0131r\u0131m uygulamas\u0131<\/li>\n<li>Harita katlama<\/li>\n<\/ul>\n<p>Detayl\u0131 bilgi i\u00e7in l\u00fctfen bize ula\u015f\u0131n\u0131z.[\/vc_column_text][\/vc_column][\/vc_row][vc_row css_animation=&#8221;&#8221; row_type=&#8221;row&#8221; use_row_as_full_screen_section=&#8221;no&#8221; type=&#8221;grid&#8221; angled_section=&#8221;no&#8221; text_align=&#8221;left&#8221; background_image_as_pattern=&#8221;without_pattern&#8221; padding_top=&#8221;40&#8243; padding_bottom=&#8221;90&#8243; z_index=&#8221;&#8221; css=&#8221;.vc_custom_1669832119761{background-color: #e2e3e5 !important;}&#8221;][vc_column width=&#8221;1\/2&#8243;][vc_empty_space height=&#8221;50px&#8221;][vc_single_image image=&#8221;300&#8243; img_size=&#8221;full&#8221; qode_css_animation=&#8221;&#8221;][vc_empty_space height=&#8221;50px&#8221;][\/vc_column][vc_column width=&#8221;1\/2&#8243;][vc_empty_space height=&#8221;50px&#8221;][vc_column_text]<\/p>\n<h2>Bro\u015f\u00fcr Katlama<\/h2>\n<p>Firman\u0131z\u0131n \u00fcr\u00fcn veya hizmetlerini tan\u0131t\u0131c\u0131 bir bro\u015f\u00fcr olarak da\u011f\u0131tt\u0131\u011f\u0131 bir pazarlama tekni\u011finidir. Bu teknik, genellikle i\u015fletmeler taraf\u0131ndan fuar veya toplant\u0131larda kullan\u0131l\u0131r. Firman\u0131z\u0131 veya \u00fcr\u00fcn\u00fcn\u00fcz\u00fc tan\u0131tan bro\u015f\u00fcrler, markan\u0131z\u0131n kimli\u011fidir de diyebiliriz. H\u0131zl\u0131 ve titiz bro\u015f\u00fcr katlama opsiyonlar\u0131m\u0131z ile sizlere zamanda tasarruf ve en kaliteli bro\u015f\u00fcr deneyimini sunmaktay\u0131z.[\/vc_column_text][\/vc_column][\/vc_row][vc_row css_animation=&#8221;&#8221; row_type=&#8221;row&#8221; use_row_as_full_screen_section=&#8221;no&#8221; type=&#8221;grid&#8221; angled_section=&#8221;no&#8221; text_align=&#8221;center&#8221; background_image_as_pattern=&#8221;without_pattern&#8221; z_index=&#8221;&#8221;][vc_column width=&#8221;1\/5&#8243;][vc_empty_space][vc_single_image image=&#8221;381&#8243; img_size=&#8221;large&#8221; qode_css_animation=&#8221;&#8221;][vc_empty_space][vc_single_image image=&#8221;383&#8243; img_size=&#8221;large&#8221; qode_css_animation=&#8221;&#8221;][vc_empty_space][vc_single_image image=&#8221;418&#8243; img_size=&#8221;large&#8221; qode_css_animation=&#8221;&#8221;][vc_empty_space][\/vc_column][vc_column width=&#8221;1\/5&#8243;][vc_empty_space][vc_single_image image=&#8221;379&#8243; img_size=&#8221;large&#8221; qode_css_animation=&#8221;&#8221;][vc_empty_space][vc_single_image image=&#8221;370&#8243; img_size=&#8221;large&#8221; qode_css_animation=&#8221;&#8221;][vc_empty_space][vc_single_image image=&#8221;419&#8243; img_size=&#8221;large&#8221; qode_css_animation=&#8221;&#8221;][vc_empty_space][\/vc_column][vc_column width=&#8221;1\/5&#8243;][vc_empty_space][vc_single_image image=&#8221;382&#8243; img_size=&#8221;large&#8221; qode_css_animation=&#8221;&#8221;][vc_empty_space][vc_single_image image=&#8221;369&#8243; img_size=&#8221;large&#8221; qode_css_animation=&#8221;&#8221;][vc_empty_space][vc_single_image image=&#8221;420&#8243; img_size=&#8221;large&#8221; qode_css_animation=&#8221;&#8221;][vc_empty_space][\/vc_column][vc_column width=&#8221;1\/5&#8243;][vc_empty_space][vc_single_image image=&#8221;384&#8243; img_size=&#8221;large&#8221; qode_css_animation=&#8221;&#8221;][vc_empty_space][vc_single_image image=&#8221;389&#8243; img_size=&#8221;large&#8221; qode_css_animation=&#8221;&#8221;][vc_empty_space][vc_single_image image=&#8221;422&#8243; img_size=&#8221;large&#8221; qode_css_animation=&#8221;&#8221;][vc_empty_space][\/vc_column][vc_column width=&#8221;1\/5&#8243;][vc_empty_space][vc_single_image image=&#8221;385&#8243; img_size=&#8221;large&#8221; qode_css_animation=&#8221;&#8221;][vc_empty_space][vc_single_image image=&#8221;390&#8243; img_size=&#8221;large&#8221; qode_css_animation=&#8221;&#8221;][vc_empty_space][vc_single_image image=&#8221;423&#8243; img_size=&#8221;large&#8221; qode_css_animation=&#8221;&#8221;][vc_empty_space][\/vc_column][\/vc_row]<\/p>\n","protected":false},"excerpt":{"rendered":"<p>[vc_row css_animation=&#8221;&#8221; row_type=&#8221;row&#8221; use_row_as_full_screen_section=&#8221;no&#8221; type=&#8221;full_width&#8221; angled_section=&#8221;no&#8221; text_align=&#8221;left&#8221; background_image_as_pattern=&#8221;without_pattern&#8221;][vc_column][\/vc_column][\/vc_row][vc_row css_animation=&#8221;&#8221; row_type=&#8221;row&#8221; use_row_as_full_screen_section=&#8221;no&#8221; type=&#8221;grid&#8221; angled_section=&#8221;no&#8221; text_align=&#8221;left&#8221; background_image_as_pattern=&#8221;without_pattern&#8221; padding_top=&#8221;40&#8243; padding_bottom=&#8221;90&#8243; z_index=&#8221;&#8221;][vc_column width=&#8221;1\/2&#8243;][vc_video link=&#8221;https:\/\/www.youtube.com\/watch?v=9Qek4SeA3gY&amp;feature=youtu.be&#8221; el_width=&#8221;80&#8243;][\/vc_column][vc_column width=&#8221;1\/2&#8243;][vc_column_text] Katlama \u00c7e\u015fitlerimiz 2 k\u0131r\u0131m uygulamas\u0131 1. katlama 2. k\u0131r\u0131m uygulamas\u0131 2 katlama 2 k\u0131r\u0131m katlama uygulanmas\u0131 3 katlama 2 \u00e7anta z k\u0131r\u0131m uygulamas\u0131&#8230;<\/p>\n","protected":false},"author":1,"featured_media":0,"parent":0,"menu_order":0,"comment_status":"closed","ping_status":"closed","template":"full_width.php","meta":{"footnotes":""},"class_list":["post-7","page","type-page","status-publish","hentry"],"_links":{"self":[{"href":"https:\/\/prospektuskatlamasanati.com\/index.php\/wp-json\/wp\/v2\/pages\/7","targetHints":{"allow":["GET"]}}],"collection":[{"href":"https:\/\/prospektuskatlamasanati.com\/index.php\/wp-json\/wp\/v2\/pages"}],"about":[{"href":"https:\/\/prospektuskatlamasanati.com\/index.php\/wp-json\/wp\/v2\/types\/page"}],"author":[{"embeddable":true,"href":"https:\/\/prospektuskatlamasanati.com\/index.php\/wp-json\/wp\/v2\/users\/1"}],"replies":[{"embeddable":true,"href":"https:\/\/prospektuskatlamasanati.com\/index.php\/wp-json\/wp\/v2\/comments?post=7"}],"version-history":[{"count":24,"href":"https:\/\/prospektuskatlamasanati.com\/index.php\/wp-json\/wp\/v2\/pages\/7\/revisions"}],"predecessor-version":[{"id":424,"href":"https:\/\/prospektuskatlamasanati.com\/index.php\/wp-json\/wp\/v2\/pages\/7\/revisions\/424"}],"wp:attachment":[{"href":"https:\/\/prospektuskatlamasanati.com\/index.php\/wp-json\/wp\/v2\/media?parent=7"}],"curies":[{"name":"wp","href":"https:\/\/api.w.org\/{rel}","templated":true}]}}